{"id":2625,"date":"2023-07-26T11:14:53","date_gmt":"2023-07-26T09:14:53","guid":{"rendered":"https:\/\/sinoma.pl\/strona-glowna\/"},"modified":"2024-05-25T10:01:01","modified_gmt":"2024-05-25T10:01:01","slug":"strona-glowna","status":"publish","type":"page","link":"https:\/\/sinoma.pl\/en\/","title":{"rendered":"Home page"},"content":{"rendered":"","protected":false},"excerpt":{"rendered":"","protected":false},"author":1,"featured_media":0,"parent":0,"menu_order":-1,"comment_status":"closed","ping_status":"closed","template":"template-pages\/front-page.php","meta":{"footnotes":""},"main-group":[],"sub-group":[],"class_list":["post-2625","page","type-page","status-publish","hentry"],"acf":{"sg_hero_video":"https:\/\/sinoma.pl\/wp-content\/uploads\/2023\/09\/video-hero.mp4","front_page_hero_title":"We collect waste <br><span>We create raw materials<\/span>","front_page_hero_text":"We specialize in the <strong>efficient collection of industrial waste<\/strong> and its high-quality management.","front_page_button_color":{"title":"Contact us","url":"https:\/\/sinoma.pl\/en\/contact\/","target":""},"front_page_button_transparent":{"title":"View our offer","url":"https:\/\/sinoma.pl\/en\/waste-collection\/","target":""},"front_page_button_transparent_orange":null,"front_page_button_video":{"title":"Watch the full movie","url":"https:\/\/sinoma.pl\/wp-content\/uploads\/2023\/09\/video-hero.mp4","target":""},"front_page_sec1_title":"GET TO KNOW US BETTER","front_page_sec1_text_big":"We turn what seems like waste into <span>full-value, high-quality raw materials.<\/span>","front_page_sec1_text":"We efficiently, quickly, and professionally collect waste and maximize its value, reintroducing it into the economy as full-value raw materials and products.","front_page_sec1_button":{"title":"Get to know us better","url":"https:\/\/sinoma.pl\/en\/about-us\/","target":""},"front_page_sec2_text_desktop":"We guarantee high-quality services and products","front_page_sec2_text_mobile":"We collect all types of waste","front_page_sec2_yellow_box":{"front_page_sec2_yellow_box_top_text":"We process","front_page_sec2_yellow_box_value":"850 t","front_page_sec2_yellow_box_bottom_text":"LDPE film\r\nper month"},"front_page_sec2_black_box":{"front_page_sec2_black_box_top_text":"We process","front_page_sec2_black_box_value":"80 t","front_page_sec2_black_box_bottom_text":"PP waste\r\nper month"},"front_page_sec3_title":"Strategy","front_page_sec3_text_big":"<span>We unlock the potential<\/span> hidden in waste.","front_page_sec3_text":"We ensure that each type of waste is recycled in the most environmentally and economically efficient way possible, to maximize its value.","front_page_sec3_button":{"title":"Our strategy","url":"https:\/\/sinoma.pl\/en\/strategy\/","target":""},"front_page_sec3_photo":2634,"front_page_sec4_banner_text":"Check <span>our quality<\/span>","front_page_sec6_title":"News","front_page_sec6_text":"Stay up to date with <span>Sinoma<\/span> in the world of recycling","front_page_sec6_btn":{"title":"See news","url":"https:\/\/sinoma.pl\/en\/news\/","target":""},"front_page_sec7_title":"Permits","front_page_sec7_text_big":"Our <span>permits<\/span>","front_page_sec7_text":"We operate in accordance with the law and based on the necessary permits. Partnering with us guarantees the fulfillment of formal obligations regarding environmental protection laws. Once you transfer waste to us, we become its legal owners, relieving you of any responsibility for its future handling.","front_page_sec7_btn":{"title":"View permits","url":"https:\/\/sinoma.pl\/en\/permits\/","target":""},"front_page_sec7_photo":2635,"carusel_certifcates_title":"","carusel_certifcates_text":"","carusel_certifcates_list":null},"yoast_head":"<!-- This site is optimized with the Yoast SEO plugin v24.8.1 - https:\/\/yoast.com\/wordpress\/plugins\/seo\/ -->\n<title>Odbi\u00f3r odpad\u00f3w Sinoma | Krak\u00f3w<\/title>\n<meta name=\"description\" content=\"Wysoka jako\u015b\u0107 naszych us\u0142ug i produkt\u00f3w jest wynikiem po\u0142\u0105czenia naszej technologii, wiedzy oraz bezkompromisowej koncentracji na potrzebach klient\u00f3w.\" \/>\n<meta name=\"robots\" content=\"index, follow, max-snippet:-1, max-image-preview:large, max-video-preview:-1\" \/>\n<link rel=\"canonical\" href=\"https:\/\/sinoma.pl\/en\/\" \/>\n<meta property=\"og:locale\" content=\"en_US\" \/>\n<meta property=\"og:type\" content=\"article\" \/>\n<meta property=\"og:title\" content=\"Odbi\u00f3r odpad\u00f3w Sinoma | Krak\u00f3w\" \/>\n<meta property=\"og:description\" content=\"Wysoka jako\u015b\u0107 naszych us\u0142ug i produkt\u00f3w jest wynikiem po\u0142\u0105czenia naszej technologii, wiedzy oraz bezkompromisowej koncentracji na potrzebach klient\u00f3w.\" \/>\n<meta property=\"og:url\" content=\"https:\/\/sinoma.pl\/en\/\" \/>\n<meta property=\"og:site_name\" content=\"Sinoma\" \/>\n<meta property=\"article:modified_time\" content=\"2024-05-25T10:01:01+00:00\" \/>\n<meta property=\"og:image\" content=\"https:\/\/sinoma.pl\/wp-content\/uploads\/2023\/09\/favico.png\" \/>\n\t<meta property=\"og:image:width\" content=\"32\" \/>\n\t<meta property=\"og:image:height\" content=\"32\" \/>\n\t<meta property=\"og:image:type\" content=\"image\/png\" \/>\n<meta name=\"twitter:card\" content=\"summary_large_image\" \/>\n<script type=\"application\/ld+json\" class=\"yoast-schema-graph\">{\"@context\":\"https:\/\/schema.org\",\"@graph\":[{\"@type\":\"WebPage\",\"@id\":\"https:\/\/sinoma.pl\/en\/\",\"url\":\"https:\/\/sinoma.pl\/en\/\",\"name\":\"Odbi\u00f3r odpad\u00f3w Sinoma | Krak\u00f3w\",\"isPartOf\":{\"@id\":\"https:\/\/sinoma.pl\/en\/#website\"},\"datePublished\":\"2023-07-26T09:14:53+00:00\",\"dateModified\":\"2024-05-25T10:01:01+00:00\",\"description\":\"Wysoka jako\u015b\u0107 naszych us\u0142ug i produkt\u00f3w jest wynikiem po\u0142\u0105czenia naszej technologii, wiedzy oraz bezkompromisowej koncentracji na potrzebach klient\u00f3w.\",\"breadcrumb\":{\"@id\":\"https:\/\/sinoma.pl\/en\/#breadcrumb\"},\"inLanguage\":\"en-US\",\"potentialAction\":[{\"@type\":\"ReadAction\",\"target\":[\"https:\/\/sinoma.pl\/en\/\"]}]},{\"@type\":\"BreadcrumbList\",\"@id\":\"https:\/\/sinoma.pl\/en\/#breadcrumb\",\"itemListElement\":[{\"@type\":\"ListItem\",\"position\":1,\"name\":\"Strona g\u0142\u00f3wna\",\"item\":\"https:\/\/sinoma.pl\/en\/\"},{\"@type\":\"ListItem\",\"position\":2,\"name\":\"Home page\"}]},{\"@type\":\"WebSite\",\"@id\":\"https:\/\/sinoma.pl\/en\/#website\",\"url\":\"https:\/\/sinoma.pl\/en\/\",\"name\":\"Sinoma\",\"description\":\"\",\"potentialAction\":[{\"@type\":\"SearchAction\",\"target\":{\"@type\":\"EntryPoint\",\"urlTemplate\":\"https:\/\/sinoma.pl\/en\/?s={search_term_string}\"},\"query-input\":{\"@type\":\"PropertyValueSpecification\",\"valueRequired\":true,\"valueName\":\"search_term_string\"}}],\"inLanguage\":\"en-US\"}]}<\/script>\n<!-- \/ Yoast SEO plugin. -->","yoast_head_json":{"title":"Odbi\u00f3r odpad\u00f3w Sinoma | Krak\u00f3w","description":"Wysoka jako\u015b\u0107 naszych us\u0142ug i produkt\u00f3w jest wynikiem po\u0142\u0105czenia naszej technologii, wiedzy oraz bezkompromisowej koncentracji na potrzebach klient\u00f3w.","robots":{"index":"index","follow":"follow","max-snippet":"max-snippet:-1","max-image-preview":"max-image-preview:large","max-video-preview":"max-video-preview:-1"},"canonical":"https:\/\/sinoma.pl\/en\/","og_locale":"en_US","og_type":"article","og_title":"Odbi\u00f3r odpad\u00f3w Sinoma | Krak\u00f3w","og_description":"Wysoka jako\u015b\u0107 naszych us\u0142ug i produkt\u00f3w jest wynikiem po\u0142\u0105czenia naszej technologii, wiedzy oraz bezkompromisowej koncentracji na potrzebach klient\u00f3w.","og_url":"https:\/\/sinoma.pl\/en\/","og_site_name":"Sinoma","article_modified_time":"2024-05-25T10:01:01+00:00","og_image":[{"width":32,"height":32,"url":"https:\/\/sinoma.pl\/wp-content\/uploads\/2023\/09\/favico.png","type":"image\/png"}],"twitter_card":"summary_large_image","schema":{"@context":"https:\/\/schema.org","@graph":[{"@type":"WebPage","@id":"https:\/\/sinoma.pl\/en\/","url":"https:\/\/sinoma.pl\/en\/","name":"Odbi\u00f3r odpad\u00f3w Sinoma | Krak\u00f3w","isPartOf":{"@id":"https:\/\/sinoma.pl\/en\/#website"},"datePublished":"2023-07-26T09:14:53+00:00","dateModified":"2024-05-25T10:01:01+00:00","description":"Wysoka jako\u015b\u0107 naszych us\u0142ug i produkt\u00f3w jest wynikiem po\u0142\u0105czenia naszej technologii, wiedzy oraz bezkompromisowej koncentracji na potrzebach klient\u00f3w.","breadcrumb":{"@id":"https:\/\/sinoma.pl\/en\/#breadcrumb"},"inLanguage":"en-US","potentialAction":[{"@type":"ReadAction","target":["https:\/\/sinoma.pl\/en\/"]}]},{"@type":"BreadcrumbList","@id":"https:\/\/sinoma.pl\/en\/#breadcrumb","itemListElement":[{"@type":"ListItem","position":1,"name":"Strona g\u0142\u00f3wna","item":"https:\/\/sinoma.pl\/en\/"},{"@type":"ListItem","position":2,"name":"Home page"}]},{"@type":"WebSite","@id":"https:\/\/sinoma.pl\/en\/#website","url":"https:\/\/sinoma.pl\/en\/","name":"Sinoma","description":"","potentialAction":[{"@type":"SearchAction","target":{"@type":"EntryPoint","urlTemplate":"https:\/\/sinoma.pl\/en\/?s={search_term_string}"},"query-input":{"@type":"PropertyValueSpecification","valueRequired":true,"valueName":"search_term_string"}}],"inLanguage":"en-US"}]}},"_links":{"self":[{"href":"https:\/\/sinoma.pl\/en\/wp-json\/wp\/v2\/pages\/2625","targetHints":{"allow":["GET"]}}],"collection":[{"href":"https:\/\/sinoma.pl\/en\/wp-json\/wp\/v2\/pages"}],"about":[{"href":"https:\/\/sinoma.pl\/en\/wp-json\/wp\/v2\/types\/page"}],"author":[{"embeddable":true,"href":"https:\/\/sinoma.pl\/en\/wp-json\/wp\/v2\/users\/1"}],"replies":[{"embeddable":true,"href":"https:\/\/sinoma.pl\/en\/wp-json\/wp\/v2\/comments?post=2625"}],"version-history":[{"count":5,"href":"https:\/\/sinoma.pl\/en\/wp-json\/wp\/v2\/pages\/2625\/revisions"}],"predecessor-version":[{"id":2907,"href":"https:\/\/sinoma.pl\/en\/wp-json\/wp\/v2\/pages\/2625\/revisions\/2907"}],"wp:attachment":[{"href":"https:\/\/sinoma.pl\/en\/wp-json\/wp\/v2\/media?parent=2625"}],"wp:term":[{"taxonomy":"main-group","embeddable":true,"href":"https:\/\/sinoma.pl\/en\/wp-json\/wp\/v2\/main-group?post=2625"},{"taxonomy":"sub-group","embeddable":true,"href":"https:\/\/sinoma.pl\/en\/wp-json\/wp\/v2\/sub-group?post=2625"}],"curies":[{"name":"wp","href":"https:\/\/api.w.org\/{rel}","templated":true}]}}