{"id":2336,"date":"2023-09-04T11:26:08","date_gmt":"2023-09-04T11:26:08","guid":{"rendered":"https:\/\/sinoma.dotlinecode.pl\/datenschutzerklaerung\/"},"modified":"2024-07-02T08:26:34","modified_gmt":"2024-07-02T08:26:34","slug":"datenschutzerklaerung","status":"publish","type":"page","link":"https:\/\/sinoma.pl\/de\/datenschutzerklaerung\/","title":{"rendered":"Datenschutzerkl\u00e4rung"},"content":{"rendered":"\n<h4 class=\"wp-block-heading\">Datenschutzerkl\u00e4rung<\/h4>\n\n<p><span style=\"font-weight: 400;\">Diese Datenschutzerkl\u00e4rung wurde erstellt, um nachzuweisen, dass personenbezogene Daten in \u00dcbereinstimmung mit den gesetzlichen Anforderungen, den Grunds\u00e4tzen der Datenverarbeitung und der Datensicherheit verarbeitet und gesch\u00fctzt werden, einschlie\u00dflich der Verordnung (EU) 2016\/679 des Europ\u00e4ischen Parlaments und des Rates vom 27. April 2016 zum Schutz nat\u00fcrlicher Personen bei der Verarbeitung personenbezogener Daten und zum freien Datenverkehr und zur Aufhebung der Richtlinie 95\/46\/EG (im Folgenden \u201eDSGVO\u201c).<\/span>&#13;\n&#13;\n<span style=\"font-weight: 400;\">Der Verwalter Ihrer personenbezogenen Daten ist Sinoma Sp\u00f3\u0142ka z ograniczon\u0105 odpowiedzialno\u015bci\u0105, mit Sitz in Krak\u00f3w, Brzeska 2, 31-998 Krak\u00f3w, eingetragen im Unternehmerregister des Landesgerichtsregisters, das vom Bezirksgericht f\u00fcr die Stadt Krak\u00f3w, XI. Wirtschaftsabteilung des Landesgerichtsregisters unter der Nummer KRS gef\u00fchrt wird: 0001050362, NIP: 6783208546, REGON: 525988150.<\/span>&#13;\n&#13;\n<span style=\"font-weight: 400;\">Der Verwalter verarbeitet die von Ihnen erhaltenen personenbezogenen Daten im Zusammenhang mit der Abwicklung der Kommunikation mit den Nutzern der Website https:\/\/sinoma.pl zum Zwecke des Abschlusses oder der Erf\u00fcllung eines bereits geschlossenen Vertrages.<\/span>&#13;\n&#13;\n<span style=\"font-weight: 400;\">Ihre Daten werden auf der Grundlage der berechtigten Interessen des Verwalters, Ihrer Einwilligung (Art. 6 Abs. 1 Buchstabe a) DSGVO), der gesetzlichen Anforderungen (Art. 6 Abs. 1 Buchstabe c) DSGVO), der vertraglichen Anforderungen (Art. 6 Abs. 1 Buchstabe b) DSGVO) verarbeitet, um:<\/span>&#13;\n&#13;\n<span style=\"font-weight: 400;\">mit den Nutzern der Website https:\/\/sinoma.pl zu kommunizieren, um zus\u00e4tzliche Informationen \u00fcber das Angebot zu erhalten.<\/span>&#13;\n&#13;\n<span style=\"font-weight: 400;\">mit den Nutzern der Website zu kommunizieren, die das Kontaktformular (Antwort auf die \u00fcber das Kontaktformular gestellte Frage) auf der Website des Verwalters https:\/\/sinoma.pl oder auf einer der Unterseiten ausgef\u00fcllt und abgeschickt haben;<\/span>&#13;\n&#13;\n<span style=\"font-weight: 400;\">zur Vertragserf\u00fcllung;<\/span>&#13;\n&#13;\n<span style=\"font-weight: 400;\">Ihre Daten werden nur l\u00e4nger verarbeitet, als es notwendig ist, (um den unter Punkt 4 Buchstabe a beschriebenen Verarbeitungszweck zu erreichen) und f\u00fcr den Zeitraum, f\u00fcr den Sie an weiteren Informationen interessiert sind. Im \u00dcbrigen werden Ihre Daten minimal f\u00fcr den Zeitraum verarbeitet, f\u00fcr den das Gesetz die Aufbewahrung der Daten vorschreibt, oder f\u00fcr den Zeitraum der Verj\u00e4hrung m\u00f6glicher Anspr\u00fcche, f\u00fcr deren Geltendmachung es erforderlich ist, \u00fcber die Daten zu verf\u00fcgen.<\/span>&#13;\n&#13;\n<span style=\"font-weight: 400;\">Die Angabe von Daten ist freiwillig und erm\u00f6glicht die Beantwortung einer Frage \u00fcber das Kontaktformular und die Bereitstellung zus\u00e4tzlicher Informationen.<\/span>&#13;\n&#13;\n<span style=\"font-weight: 400;\">Im Zusammenhang mit der Verarbeitung Ihrer personenbezogenen Daten haben Sie das Recht, Zugang zu Ihren personenbezogenen Daten, deren Berichtigung, L\u00f6schung (Vergessenwerden) oder Einschr\u00e4nkung der Verarbeitung zu verlangen, sowie das Recht auf Widerspruch gegen die Verarbeitung und das Recht auf Daten\u00fcbertragbarkeit und das Recht, eine Beschwerde bei einer Aufsichtsbeh\u00f6rde einzureichen. In Bezug auf die Verarbeitung auf der Grundlage von Artikel 6 Absatz 1 Buchstabe a der DSGVO haben Sie das Recht, Ihre Einwilligung jederzeit zu widerrufen. Sie haben das Recht, aus Gr\u00fcnden, die sich aus ihrer besonderen Situation ergeben, jederzeit gegen die Verarbeitung von Daten, die aufgrund von Artikel 6 Absatz 1 Buchstabe e oder f DSGVO erfolgt, Widerspruch einzulegen; dies gilt auch f\u00fcr das Profiling.<\/span>&#13;\n&#13;\n<span style=\"font-weight: 400;\">Ihre personenbezogenen Daten k\u00f6nnen au\u00dferhalb der Europ\u00e4ischen Union (z. B. in die USA) \u00fcbermittelt werden. In diesen F\u00e4llen verarbeiten die Einrichtungen, deren Dienste wir in Anspruch nehmen, Ihre personenbezogenen Daten au\u00dferhalb des Europ\u00e4ischen Wirtschaftsraums. Dies geschieht jedoch auf der Grundlage der so genannten Standardvertragsklauseln, d. h. vertraglicher Bestimmungen, die zwischen uns und den Einrichtungen, mit denen wir zusammenarbeiten u. a. Google, geschlossen wurden und die ein angemessenes Ma\u00df an Sicherheit bei der Verarbeitung Ihrer personenbezogenen Daten gew\u00e4hrleisten. Dar\u00fcber hinaus ist es aufgrund der verwendeten Kennungen und des Grades der Anonymisierung unm\u00f6glich, Sie zu identifizieren.<\/span>&#13;\n&#13;\n<span style=\"font-weight: 400;\">Wir verwenden Analysewerkzeuge von Google Analytics, die Informationen \u00fcber Ihre Besuche auf der Website sammeln, z. B. die von Ihnen aufgerufenen Seiten, die Zeit, die Sie auf der Website verbracht haben, und die \u00dcberg\u00e4nge zwischen den Seiten. Zu diesem Zweck werden die Google Analytics-Cookies von Google LLC verwendet. Im Rahmen von Google Analytics erfassen wir demografische und interessenbezogene Daten. Weitere Informationen finden Sie unter: https:\/\/support.google.com\/analytics#topic=10737980. Die Speicherung von Cookies innerhalb von Google Analytics und die Nutzung dieses Verfolgungsinstrumentes erfolgen auf Grundlage von Art. 6 Abs. 1 Buchstabe a DSGVO.<\/span>&#13;\n&#13;\n<span style=\"font-weight: 400;\">Der Verwalter verwendet das Facebook-Pixel. Diese Technologie bedeutet, dass Facebook (Facebook Inc., mit Sitz in den USA) wei\u00df, dass eine bei ihm registrierte Person den Dienst nutzt. Sie basiert in diesem Fall auf Daten, f\u00fcr die sie selbst der Verwalter ist, der Verwalter gibt von sich aus keine weiteren personenbezogenen Daten an Facebook weiter. Der Service basiert auf der Verwendung von Cookies auf dem Endger\u00e4t des Nutzers.<\/span>&#13;\n&#13;\n<span style=\"font-weight: 400;\">Der Verwalter verpflichtet sich, h\u00f6chste Sorgfalt zu wahren, um die Privatsph\u00e4re der Nutzer des Dienstes zu sch\u00fctzen, vor allem durch die Anwendung hochwertiger technischer Sicherheitsma\u00dfnahmen, die diese Daten vor dem Zugriff Dritter sch\u00fctzen.<\/span>&#13;\n&#13;\n<span style=\"font-weight: 400;\">Ausgew\u00e4hlte Methoden des Datenschutzes, die vom Verwalter angewendet werden<\/span>&#13;\n&#13;\n<span style=\"font-weight: 400;\">Die Stellen, an denen Sie sich anmelden und pers\u00f6nliche Daten eingeben, sind in der \u00dcbertragungsschicht gesch\u00fctzt (SSL-Zertifikat). Dadurch wird sichergestellt, dass die auf der Website eingegebenen pers\u00f6nlichen Daten und Anmeldedaten auf dem Computer des Benutzers verschl\u00fcsselt werden und nur auf dem Zielserver gelesen werden k\u00f6nnen.<\/span>&#13;\n&#13;\n<span style=\"font-weight: 400;\">Der Verwalter \u00e4ndert regelm\u00e4\u00dfig seine Verwaltungspassw\u00f6rter.<\/span>&#13;\n&#13;\n<span style=\"font-weight: 400;\">Ein wesentliches Element des Datenschutzes ist die regelm\u00e4\u00dfige Aktualisierung jeglicher Software, die vom Verwalter zur Verarbeitung personenbezogener Daten verwendet wird, was insbesondere eine regelm\u00e4\u00dfige Aktualisierung der Softwarekomponenten bedeutet.<\/span>&#13;\n&#13;\n<span style=\"font-weight: 400;\">Hosting \u2013 Die Website wird auf Dhosting-Servern gehostet (technisch gewartet).<\/span>&#13;\n&#13;\n<span style=\"font-weight: 400;\">Verwalter-Protokolle \u2013 Informationen \u00fcber das Benutzerverhalten auf der Website k\u00f6nnen protokolliert werden. Diese Daten werden zur Verwaltung der Website verwendet.<\/span>&#13;\n&#13;\n<span style=\"font-weight: 400;\">Der Datenverwalter ist verpflichtet, au\u00dfer in den in den einschl\u00e4gigen Rechtsvorschriften genannten F\u00e4llen, Ihre Daten nicht an Dritte weiterzugeben.<\/span>&#13;\n&#13;\n<span style=\"font-weight: 400;\">Im Zusammenhang mit der Umsetzung seiner Rechte und Pflichten kann der Verwalter die Dienste von Unternehmen in Anspruch nehmen, die in seinem Namen Daten verarbeiten. Die Einrichtungen, die mit dem f\u00fcr die Verarbeitung Verantwortlichen in dieser Hinsicht zusammenarbeiten, bieten ausreichende Garantien f\u00fcr die Umsetzung geeigneter technischer und organisatorischer Ma\u00dfnahmen, damit die Verarbeitung den Anforderungen der Rechtsvorschriften, insbesondere der DSGVO, entspricht und die Rechte der betroffenen Personen gesch\u00fctzt werden.<\/span>&#13;\n&#13;\n<span style=\"font-weight: 400;\">Der f\u00fcr die Datenverarbeitung Verantwortliche haftet nicht f\u00fcr die Weitergabe Ihrer Daten, wenn diese Weitergabe auf Ihr Verschulden zur\u00fcckzuf\u00fchren ist oder auf der Grundlage des geltenden Rechts erfolgt, d. h. insbesondere auf der Grundlage eines Ersuchens befugter staatlicher Beh\u00f6rden f\u00fcr die Zwecke ihrer Ermittlungen.<\/span><\/p>\n","protected":false},"excerpt":{"rendered":"<p>Datenschutzerkl\u00e4rung Diese Datenschutzerkl\u00e4rung wurde erstellt, um nachzuweisen, dass personenbezogene Daten in \u00dcbereinstimmung mit den gesetzlichen Anforderungen, den Grunds\u00e4tzen der Datenverarbeitung und der Datensicherheit verarbeitet und gesch\u00fctzt werden, einschlie\u00dflich der Verordnung (EU) 2016\/679 des Europ\u00e4ischen Parlaments und des Rates vom 27. April 2016 zum Schutz nat\u00fcrlicher Personen bei der Verarbeitung personenbezogener Daten und zum freien Datenverkehr [&hellip;]<\/p>\n","protected":false},"author":1,"featured_media":0,"parent":0,"menu_order":0,"comment_status":"closed","ping_status":"closed","template":"","meta":{"footnotes":""},"main-group":[],"sub-group":[],"class_list":["post-2336","page","type-page","status-publish","hentry"],"acf":[],"yoast_head":"<!-- This site is optimized with the Yoast SEO plugin v24.8.1 - https:\/\/yoast.com\/wordpress\/plugins\/seo\/ -->\n<title>Datenschutzerkl\u00e4rung - Sinoma<\/title>\n<meta name=\"robots\" content=\"noindex, follow\" \/>\n<meta property=\"og:locale\" content=\"de_DE\" \/>\n<meta property=\"og:type\" content=\"article\" \/>\n<meta property=\"og:title\" content=\"Datenschutzerkl\u00e4rung - Sinoma\" \/>\n<meta property=\"og:description\" content=\"Datenschutzerkl\u00e4rung Diese Datenschutzerkl\u00e4rung wurde erstellt, um nachzuweisen, dass personenbezogene Daten in \u00dcbereinstimmung mit den gesetzlichen Anforderungen, den Grunds\u00e4tzen der Datenverarbeitung und der Datensicherheit verarbeitet und gesch\u00fctzt werden, einschlie\u00dflich der Verordnung (EU) 2016\/679 des Europ\u00e4ischen Parlaments und des Rates vom 27. April 2016 zum Schutz nat\u00fcrlicher Personen bei der Verarbeitung personenbezogener Daten und zum freien Datenverkehr [&hellip;]\" \/>\n<meta property=\"og:url\" content=\"https:\/\/sinoma.pl\/de\/datenschutzerklaerung\/\" \/>\n<meta property=\"og:site_name\" content=\"Sinoma\" \/>\n<meta property=\"article:modified_time\" content=\"2024-07-02T08:26:34+00:00\" \/>\n<meta property=\"og:image\" content=\"https:\/\/sinoma.pl\/wp-content\/uploads\/2023\/09\/favico.png\" \/>\n\t<meta property=\"og:image:width\" content=\"32\" \/>\n\t<meta property=\"og:image:height\" content=\"32\" \/>\n\t<meta property=\"og:image:type\" content=\"image\/png\" \/>\n<meta name=\"twitter:card\" content=\"summary_large_image\" \/>\n<meta name=\"twitter:label1\" content=\"Gesch\u00e4tzte Lesezeit\" \/>\n\t<meta name=\"twitter:data1\" content=\"6\u00a0Minuten\" \/>\n<script type=\"application\/ld+json\" class=\"yoast-schema-graph\">{\"@context\":\"https:\/\/schema.org\",\"@graph\":[{\"@type\":\"WebPage\",\"@id\":\"https:\/\/sinoma.pl\/de\/datenschutzerklaerung\/\",\"url\":\"https:\/\/sinoma.pl\/de\/datenschutzerklaerung\/\",\"name\":\"Datenschutzerkl\u00e4rung - Sinoma\",\"isPartOf\":{\"@id\":\"https:\/\/sinoma.pl\/#website\"},\"datePublished\":\"2023-09-04T11:26:08+00:00\",\"dateModified\":\"2024-07-02T08:26:34+00:00\",\"breadcrumb\":{\"@id\":\"https:\/\/sinoma.pl\/de\/datenschutzerklaerung\/#breadcrumb\"},\"inLanguage\":\"de\",\"potentialAction\":[{\"@type\":\"ReadAction\",\"target\":[\"https:\/\/sinoma.pl\/de\/datenschutzerklaerung\/\"]}]},{\"@type\":\"BreadcrumbList\",\"@id\":\"https:\/\/sinoma.pl\/de\/datenschutzerklaerung\/#breadcrumb\",\"itemListElement\":[{\"@type\":\"ListItem\",\"position\":1,\"name\":\"Strona g\u0142\u00f3wna\",\"item\":\"https:\/\/sinoma.pl\/de\/\"},{\"@type\":\"ListItem\",\"position\":2,\"name\":\"Datenschutzerkl\u00e4rung\"}]},{\"@type\":\"WebSite\",\"@id\":\"https:\/\/sinoma.pl\/#website\",\"url\":\"https:\/\/sinoma.pl\/\",\"name\":\"Sinoma\",\"description\":\"\",\"potentialAction\":[{\"@type\":\"SearchAction\",\"target\":{\"@type\":\"EntryPoint\",\"urlTemplate\":\"https:\/\/sinoma.pl\/?s={search_term_string}\"},\"query-input\":{\"@type\":\"PropertyValueSpecification\",\"valueRequired\":true,\"valueName\":\"search_term_string\"}}],\"inLanguage\":\"de\"}]}<\/script>\n<!-- \/ Yoast SEO plugin. -->","yoast_head_json":{"title":"Datenschutzerkl\u00e4rung - Sinoma","robots":{"index":"noindex","follow":"follow"},"og_locale":"de_DE","og_type":"article","og_title":"Datenschutzerkl\u00e4rung - Sinoma","og_description":"Datenschutzerkl\u00e4rung Diese Datenschutzerkl\u00e4rung wurde erstellt, um nachzuweisen, dass personenbezogene Daten in \u00dcbereinstimmung mit den gesetzlichen Anforderungen, den Grunds\u00e4tzen der Datenverarbeitung und der Datensicherheit verarbeitet und gesch\u00fctzt werden, einschlie\u00dflich der Verordnung (EU) 2016\/679 des Europ\u00e4ischen Parlaments und des Rates vom 27. April 2016 zum Schutz nat\u00fcrlicher Personen bei der Verarbeitung personenbezogener Daten und zum freien Datenverkehr [&hellip;]","og_url":"https:\/\/sinoma.pl\/de\/datenschutzerklaerung\/","og_site_name":"Sinoma","article_modified_time":"2024-07-02T08:26:34+00:00","og_image":[{"width":32,"height":32,"url":"https:\/\/sinoma.pl\/wp-content\/uploads\/2023\/09\/favico.png","type":"image\/png"}],"twitter_card":"summary_large_image","twitter_misc":{"Gesch\u00e4tzte Lesezeit":"6\u00a0Minuten"},"schema":{"@context":"https:\/\/schema.org","@graph":[{"@type":"WebPage","@id":"https:\/\/sinoma.pl\/de\/datenschutzerklaerung\/","url":"https:\/\/sinoma.pl\/de\/datenschutzerklaerung\/","name":"Datenschutzerkl\u00e4rung - Sinoma","isPartOf":{"@id":"https:\/\/sinoma.pl\/#website"},"datePublished":"2023-09-04T11:26:08+00:00","dateModified":"2024-07-02T08:26:34+00:00","breadcrumb":{"@id":"https:\/\/sinoma.pl\/de\/datenschutzerklaerung\/#breadcrumb"},"inLanguage":"de","potentialAction":[{"@type":"ReadAction","target":["https:\/\/sinoma.pl\/de\/datenschutzerklaerung\/"]}]},{"@type":"BreadcrumbList","@id":"https:\/\/sinoma.pl\/de\/datenschutzerklaerung\/#breadcrumb","itemListElement":[{"@type":"ListItem","position":1,"name":"Strona g\u0142\u00f3wna","item":"https:\/\/sinoma.pl\/de\/"},{"@type":"ListItem","position":2,"name":"Datenschutzerkl\u00e4rung"}]},{"@type":"WebSite","@id":"https:\/\/sinoma.pl\/#website","url":"https:\/\/sinoma.pl\/","name":"Sinoma","description":"","potentialAction":[{"@type":"SearchAction","target":{"@type":"EntryPoint","urlTemplate":"https:\/\/sinoma.pl\/?s={search_term_string}"},"query-input":{"@type":"PropertyValueSpecification","valueRequired":true,"valueName":"search_term_string"}}],"inLanguage":"de"}]}},"_links":{"self":[{"href":"https:\/\/sinoma.pl\/de\/wp-json\/wp\/v2\/pages\/2336","targetHints":{"allow":["GET"]}}],"collection":[{"href":"https:\/\/sinoma.pl\/de\/wp-json\/wp\/v2\/pages"}],"about":[{"href":"https:\/\/sinoma.pl\/de\/wp-json\/wp\/v2\/types\/page"}],"author":[{"embeddable":true,"href":"https:\/\/sinoma.pl\/de\/wp-json\/wp\/v2\/users\/1"}],"replies":[{"embeddable":true,"href":"https:\/\/sinoma.pl\/de\/wp-json\/wp\/v2\/comments?post=2336"}],"version-history":[{"count":1,"href":"https:\/\/sinoma.pl\/de\/wp-json\/wp\/v2\/pages\/2336\/revisions"}],"predecessor-version":[{"id":2337,"href":"https:\/\/sinoma.pl\/de\/wp-json\/wp\/v2\/pages\/2336\/revisions\/2337"}],"wp:attachment":[{"href":"https:\/\/sinoma.pl\/de\/wp-json\/wp\/v2\/media?parent=2336"}],"wp:term":[{"taxonomy":"main-group","embeddable":true,"href":"https:\/\/sinoma.pl\/de\/wp-json\/wp\/v2\/main-group?post=2336"},{"taxonomy":"sub-group","embeddable":true,"href":"https:\/\/sinoma.pl\/de\/wp-json\/wp\/v2\/sub-group?post=2336"}],"curies":[{"name":"wp","href":"https:\/\/api.w.org\/{rel}","templated":true}]}}