{"id":2211,"date":"2023-07-26T11:14:53","date_gmt":"2023-07-26T09:14:53","guid":{"rendered":"https:\/\/sinoma.dotlinecode.pl\/?page_id=2211"},"modified":"2024-03-27T13:35:03","modified_gmt":"2024-03-27T13:35:03","slug":"strona-glowna","status":"publish","type":"page","link":"https:\/\/sinoma.pl\/de\/","title":{"rendered":"Hauptseite"},"content":{"rendered":"","protected":false},"excerpt":{"rendered":"","protected":false},"author":1,"featured_media":0,"parent":0,"menu_order":-1,"comment_status":"closed","ping_status":"closed","template":"template-pages\/front-page.php","meta":{"footnotes":""},"main-group":[],"sub-group":[],"class_list":["post-2211","page","type-page","status-publish","hentry"],"acf":{"sg_hero_video":"https:\/\/sinoma.pl\/wp-content\/uploads\/2023\/09\/video-hero.mp4","front_page_hero_title":"Wir sammeln Abfall. <br><span>Wir erzeugen Rohstoffe.<\/span>","front_page_hero_text":"Wir befassen uns mit der effektiven Sammlung von Industrieabf\u00e4llen und deren hochwertiger Bewirtschaftung.\r\n","front_page_button_color":{"title":"Kontaktieren Sie uns","url":"https:\/\/sinoma.pl\/kontakt\/","target":""},"front_page_button_transparent":{"title":"Sehen Sie sich das Angebot an","url":"https:\/\/sinoma.pl\/odbior-odpadow\/","target":""},"front_page_button_transparent_orange":null,"front_page_button_video":{"title":"Sehen Sie den ganzen Film","url":"https:\/\/sinoma.pl\/wp-content\/uploads\/2023\/09\/video-hero.mp4","target":""},"front_page_sec1_title":"LERNEN SIE UNS BESSER KENNEN","front_page_sec1_text_big":"Wir verwandeln scheinbaren M\u00fcll in einen <span>wertvollen, hochwertigen Rohstoff.<\/span>","front_page_sec1_text":"Wir sammeln Abf\u00e4lle effizient, schnell und professionell und maximieren ihren Wert, um sie als wertvolle Rohstoffe und Materialien wieder in die Wirtschaft einzuf\u00fchren.","front_page_sec1_button":{"title":"Lernen Sie uns besser kennen","url":"https:\/\/sinoma.pl\/o-nas\/","target":""},"front_page_sec2_text_desktop":"Die h\u00f6chste Qualit\u00e4t bei Dienstleistungen und Produkten.","front_page_sec2_text_mobile":"Wir sammeln s\u00e4mtliche Abf\u00e4lle","front_page_sec2_yellow_box":{"front_page_sec2_yellow_box_top_text":"Wir verarbeiten","front_page_sec2_yellow_box_value":"850 t","front_page_sec2_yellow_box_bottom_text":"LDPE-Folie \r\nmonatlich\r\n"},"front_page_sec2_black_box":{"front_page_sec2_black_box_top_text":"Wir verarbeiten","front_page_sec2_black_box_value":"80 t","front_page_sec2_black_box_bottom_text":"PP-Abf\u00e4lle \r\nmonatlich"},"front_page_sec3_title":"Strategie","front_page_sec3_text_big":"<span>Wir erschlie\u00dfen das Potenzial<\/span> von Abf\u00e4llen.","front_page_sec3_text":"Wir recyceln jeden Abfall so umweltfreundlich und wirtschaftlich wie m\u00f6glich, um seinen Wert zu maximieren.","front_page_sec3_button":{"title":"Unsere Strategie","url":"https:\/\/sinoma.pl\/strategia\/","target":""},"front_page_sec3_photo":2186,"front_page_sec4_banner_text":"Pr\u00fcfen Sie unsere <span>Qualit\u00e4t<\/span>","front_page_sec6_title":"Aktuelles","front_page_sec6_text":"Bleiben Sie mit <span>Sinoma<\/span> in der Welt des Recyclings auf dem Laufenden","front_page_sec6_btn":{"title":"Weiter zu den Nachrichten","url":"https:\/\/sinoma.pl\/aktualnosci\/","target":""},"front_page_sec7_title":"Zezwolenia","front_page_sec7_text_big":"Unsere <span>Genehmigungen<\/span>","front_page_sec7_text":"Wir handeln im Einklang mit den gesetzlichen Bestimmungen und auf der Grundlage der erforderlichen Genehmigungen. Die Zusammenarbeit mit uns gew\u00e4hrleistet die Einhaltung formaler Verpflichtungen im Bereich des Umweltschutzrechts. \r\nMit der \u00dcbergabe der Abf\u00e4lle an uns werden wir ihre formalen Eigent\u00fcmer und entbinden die Kunden von der Verantwortung f\u00fcr ihren weiteren Verbleib.","front_page_sec7_btn":{"title":"Genehmigungen","url":"https:\/\/sinoma.pl\/de\/genehmigungen\/","target":""},"front_page_sec7_photo":2209,"carusel_certifcates_title":"","carusel_certifcates_text":"","carusel_certifcates_list":null},"yoast_head":"<!-- This site is optimized with the Yoast SEO plugin v24.8.1 - https:\/\/yoast.com\/wordpress\/plugins\/seo\/ -->\n<title>Hauptseite - Sinoma<\/title>\n<meta name=\"robots\" content=\"index, follow, max-snippet:-1, max-image-preview:large, max-video-preview:-1\" \/>\n<link rel=\"canonical\" href=\"https:\/\/sinoma.pl\/de\/\" \/>\n<meta property=\"og:locale\" content=\"de_DE\" \/>\n<meta property=\"og:type\" content=\"article\" \/>\n<meta property=\"og:title\" content=\"Hauptseite - Sinoma\" \/>\n<meta property=\"og:url\" content=\"https:\/\/sinoma.pl\/de\/\" \/>\n<meta property=\"og:site_name\" content=\"Sinoma\" \/>\n<meta property=\"article:modified_time\" content=\"2024-03-27T13:35:03+00:00\" \/>\n<meta property=\"og:image\" content=\"https:\/\/sinoma.pl\/wp-content\/uploads\/2023\/09\/favico.png\" \/>\n\t<meta property=\"og:image:width\" content=\"32\" \/>\n\t<meta property=\"og:image:height\" content=\"32\" \/>\n\t<meta property=\"og:image:type\" content=\"image\/png\" \/>\n<meta name=\"twitter:card\" content=\"summary_large_image\" \/>\n<script type=\"application\/ld+json\" class=\"yoast-schema-graph\">{\"@context\":\"https:\/\/schema.org\",\"@graph\":[{\"@type\":\"WebPage\",\"@id\":\"https:\/\/sinoma.pl\/de\/\",\"url\":\"https:\/\/sinoma.pl\/de\/\",\"name\":\"Hauptseite - Sinoma\",\"isPartOf\":{\"@id\":\"https:\/\/sinoma.pl\/de\/#website\"},\"datePublished\":\"2023-07-26T09:14:53+00:00\",\"dateModified\":\"2024-03-27T13:35:03+00:00\",\"breadcrumb\":{\"@id\":\"https:\/\/sinoma.pl\/de\/#breadcrumb\"},\"inLanguage\":\"de\",\"potentialAction\":[{\"@type\":\"ReadAction\",\"target\":[\"https:\/\/sinoma.pl\/de\/\"]}]},{\"@type\":\"BreadcrumbList\",\"@id\":\"https:\/\/sinoma.pl\/de\/#breadcrumb\",\"itemListElement\":[{\"@type\":\"ListItem\",\"position\":1,\"name\":\"Strona g\u0142\u00f3wna\",\"item\":\"https:\/\/sinoma.pl\/de\/\"},{\"@type\":\"ListItem\",\"position\":2,\"name\":\"Hauptseite\"}]},{\"@type\":\"WebSite\",\"@id\":\"https:\/\/sinoma.pl\/de\/#website\",\"url\":\"https:\/\/sinoma.pl\/de\/\",\"name\":\"Sinoma\",\"description\":\"\",\"potentialAction\":[{\"@type\":\"SearchAction\",\"target\":{\"@type\":\"EntryPoint\",\"urlTemplate\":\"https:\/\/sinoma.pl\/de\/?s={search_term_string}\"},\"query-input\":{\"@type\":\"PropertyValueSpecification\",\"valueRequired\":true,\"valueName\":\"search_term_string\"}}],\"inLanguage\":\"de\"}]}<\/script>\n<!-- \/ Yoast SEO plugin. -->","yoast_head_json":{"title":"Hauptseite - Sinoma","robots":{"index":"index","follow":"follow","max-snippet":"max-snippet:-1","max-image-preview":"max-image-preview:large","max-video-preview":"max-video-preview:-1"},"canonical":"https:\/\/sinoma.pl\/de\/","og_locale":"de_DE","og_type":"article","og_title":"Hauptseite - Sinoma","og_url":"https:\/\/sinoma.pl\/de\/","og_site_name":"Sinoma","article_modified_time":"2024-03-27T13:35:03+00:00","og_image":[{"width":32,"height":32,"url":"https:\/\/sinoma.pl\/wp-content\/uploads\/2023\/09\/favico.png","type":"image\/png"}],"twitter_card":"summary_large_image","schema":{"@context":"https:\/\/schema.org","@graph":[{"@type":"WebPage","@id":"https:\/\/sinoma.pl\/de\/","url":"https:\/\/sinoma.pl\/de\/","name":"Hauptseite - Sinoma","isPartOf":{"@id":"https:\/\/sinoma.pl\/de\/#website"},"datePublished":"2023-07-26T09:14:53+00:00","dateModified":"2024-03-27T13:35:03+00:00","breadcrumb":{"@id":"https:\/\/sinoma.pl\/de\/#breadcrumb"},"inLanguage":"de","potentialAction":[{"@type":"ReadAction","target":["https:\/\/sinoma.pl\/de\/"]}]},{"@type":"BreadcrumbList","@id":"https:\/\/sinoma.pl\/de\/#breadcrumb","itemListElement":[{"@type":"ListItem","position":1,"name":"Strona g\u0142\u00f3wna","item":"https:\/\/sinoma.pl\/de\/"},{"@type":"ListItem","position":2,"name":"Hauptseite"}]},{"@type":"WebSite","@id":"https:\/\/sinoma.pl\/de\/#website","url":"https:\/\/sinoma.pl\/de\/","name":"Sinoma","description":"","potentialAction":[{"@type":"SearchAction","target":{"@type":"EntryPoint","urlTemplate":"https:\/\/sinoma.pl\/de\/?s={search_term_string}"},"query-input":{"@type":"PropertyValueSpecification","valueRequired":true,"valueName":"search_term_string"}}],"inLanguage":"de"}]}},"_links":{"self":[{"href":"https:\/\/sinoma.pl\/de\/wp-json\/wp\/v2\/pages\/2211","targetHints":{"allow":["GET"]}}],"collection":[{"href":"https:\/\/sinoma.pl\/de\/wp-json\/wp\/v2\/pages"}],"about":[{"href":"https:\/\/sinoma.pl\/de\/wp-json\/wp\/v2\/types\/page"}],"author":[{"embeddable":true,"href":"https:\/\/sinoma.pl\/de\/wp-json\/wp\/v2\/users\/1"}],"replies":[{"embeddable":true,"href":"https:\/\/sinoma.pl\/de\/wp-json\/wp\/v2\/comments?post=2211"}],"version-history":[{"count":14,"href":"https:\/\/sinoma.pl\/de\/wp-json\/wp\/v2\/pages\/2211\/revisions"}],"predecessor-version":[{"id":2598,"href":"https:\/\/sinoma.pl\/de\/wp-json\/wp\/v2\/pages\/2211\/revisions\/2598"}],"wp:attachment":[{"href":"https:\/\/sinoma.pl\/de\/wp-json\/wp\/v2\/media?parent=2211"}],"wp:term":[{"taxonomy":"main-group","embeddable":true,"href":"https:\/\/sinoma.pl\/de\/wp-json\/wp\/v2\/main-group?post=2211"},{"taxonomy":"sub-group","embeddable":true,"href":"https:\/\/sinoma.pl\/de\/wp-json\/wp\/v2\/sub-group?post=2211"}],"curies":[{"name":"wp","href":"https:\/\/api.w.org\/{rel}","templated":true}]}}